{"id":324,"date":"2019-10-30T13:12:10","date_gmt":"2019-10-30T12:12:10","guid":{"rendered":"https:\/\/stock-partner.eu\/?page_id=324"},"modified":"2024-06-04T16:30:51","modified_gmt":"2024-06-04T14:30:51","slug":"partnerlist","status":"publish","type":"page","link":"https:\/\/stock-partner.eu\/en\/partnerlist\/","title":{"rendered":"Partnerlist"},"content":{"rendered":"\n<h2 class=\"wp-block-heading\">Partners<\/h2>\n\n\n\n<p>This is a list of all partners, mentioning the professional title of each partner, and further indicating the professional association (Rechtsanwaltskammer). Registered office of the firm is Munich [Local Court of Munich (Amtsgericht M\u00fcnchen), PR 567].<\/p>\n\n\n\n<p>Albrecht Klein<br>Rechtsanwalt (Rechtsanwaltskammer M\u00fcnchen, Deutschland)<br><a href=\"mailto:albrecht.klein@stock-partner.eu\">albrecht.klein@stock-partner.eu<\/a><\/p>\n\n\n\n<p>Kurt Ramershoven<br>Rechtsanwalt (Rechtsanwaltskammer M\u00fcnchen, Deutschland)<br><a href=\"mailto:kurt.ramershoven@stock-partner.eu\">kurt.ramershoven@stock-partner.eu<\/a> <\/p>\n\n\n\n<p>Reiner Gerhold, LL.M. (Stellenbosch)<br>Rechtsanwalt (Rechtsanwaltskammer M\u00fcnchen, Deutschland)<br><a href=\"mailto:reiner.gerhold@stock-partner.eu\">reiner.gerhold@stock-partner.eu<\/a><\/p>\n\n\n\n<p>Alexander C. P\u00fchler, LL.M. (George Washington)<br>Rechtsanwalt (Rechtsanwaltskammer M\u00fcnchen, Deutschland)<br><a href=\"mailto:alexander.puehler@sakp.eu\">alexander.puehler@stock-partner.eu<\/a><\/p>\n\n\n\n<p>Katharina Janka<br>Rechtsanw\u00e4ltin (Rechtsanwaltskammer M\u00fcnchen, Deutschland)<br><a href=\"mailto:katharina.janka@stock-partner.eu\">katharina.janka@stock-partner.eu<\/a><\/p>\n\n\n\n<p>Dr. Eva Diederichsen<br>Rechtsanw\u00e4ltin (Rechtsanwaltskammer Celle, Deutschland)<br><a href=\"mailto:eva.diederichsen@stock-partner.eu\">eva.diederichsen@stock-partner.eu<\/a><\/p>\n","protected":false},"excerpt":{"rendered":"Partners This is a list of all partners, mentioning the professional title of each partner, and further indicating the professional association (Rechtsanwaltskammer). Registered office of the firm is Munich [Local Court of Munich (Amtsgericht M\u00fcnchen), PR 567]. Albrecht KleinRechtsanwalt (Rechtsanwaltskammer M\u00fcnchen, Deutschland)albrecht.klein@stock-partner.eu Kurt RamershovenRechtsanwalt (Rechtsanwaltskammer M\u00fcnchen, Deutschland)kurt.ramershoven@stock-partner.eu Reiner Gerhold, LL.M. (Stellenbosch)Rechtsanwalt (Rechtsanwaltskammer M\u00fcnchen, Deutschland)reiner.gerhold@stock-partner.eu Alexander [&hellip;]","protected":false},"author":4,"featured_media":0,"parent":0,"menu_order":0,"comment_status":"closed","ping_status":"closed","template":"","meta":{"_acf_changed":false,"footnotes":""},"class_list":["post-324","page","type-page","status-publish","hentry"],"acf":[],"_links":{"self":[{"href":"https:\/\/stock-partner.eu\/en\/wp-json\/wp\/v2\/pages\/324","targetHints":{"allow":["GET"]}}],"collection":[{"href":"https:\/\/stock-partner.eu\/en\/wp-json\/wp\/v2\/pages"}],"about":[{"href":"https:\/\/stock-partner.eu\/en\/wp-json\/wp\/v2\/types\/page"}],"author":[{"embeddable":true,"href":"https:\/\/stock-partner.eu\/en\/wp-json\/wp\/v2\/users\/4"}],"replies":[{"embeddable":true,"href":"https:\/\/stock-partner.eu\/en\/wp-json\/wp\/v2\/comments?post=324"}],"version-history":[{"count":7,"href":"https:\/\/stock-partner.eu\/en\/wp-json\/wp\/v2\/pages\/324\/revisions"}],"predecessor-version":[{"id":1354,"href":"https:\/\/stock-partner.eu\/en\/wp-json\/wp\/v2\/pages\/324\/revisions\/1354"}],"wp:attachment":[{"href":"https:\/\/stock-partner.eu\/en\/wp-json\/wp\/v2\/media?parent=324"}],"curies":[{"name":"wp","href":"https:\/\/api.w.org\/{rel}","templated":true}]}}