{"id":309,"date":"2019-10-30T13:11:40","date_gmt":"2019-10-30T12:11:40","guid":{"rendered":"https:\/\/stock-partner.eu\/?page_id=309"},"modified":"2026-01-29T10:08:27","modified_gmt":"2026-01-29T09:08:27","slug":"legal-notice","status":"publish","type":"page","link":"https:\/\/stock-partner.eu\/en\/legal-notice\/","title":{"rendered":"Legal Notice"},"content":{"rendered":"\n<h2 class=\"wp-block-heading\">Legal Notice<\/h2>\n\n\n\n<h3 class=\"wp-block-heading\">Partnership details pursuant to section 5 of the German Digital Services Act (Digitale-Dienste-Gesetz, DDG).<\/h3>\n\n\n\n<p>Stock + Partner Rechtsanw\u00e4lte mbB<br>Rablstra\u00dfe 26<br>81669 Munich, Germany<br>Telefon: +49 (0) 89 99831-0<br>Telefax: +49 (0) 89 99831-70<br>E-Mail: muenchen@stock-partner.eu<\/p>\n\n\n\n<p>Stock + Partner Rechtsanw\u00e4lte mbB is a partnership of lawyers based in Munich, registered in the partnership register of the Local Court of Munich under PR 567.<\/p>\n\n\n\n<h3 class=\"wp-block-heading\">Value added tax identification number: DE814415452<\/h3>\n\n\n\n<h3 class=\"wp-block-heading\">Competent chambers<\/h3>\n\n\n\n<p>Stock + Partner Rechtsanw\u00e4lte mbB is authorised to practice in Germany and is subject to supervision by the Munich Bar Association.<\/p>\n\n\n\n<p>The lawyers working for the partnership are members of the regional bar associations responsible for their respective licences (see <a href=\"https:\/\/www.brak.de\/die-brak\/rechtsanwaltskammern\">https:\/\/www.brak.de\/die-brak\/rechtsanwaltskammern<\/a>\/ for the individual regional bar associations).<\/p>\n\n\n\n<p>Notaries working in the partnership are members of the regional chambers of notaries (<a href=\"https:\/\/www.bnotk.de\/die-bundesnotarkammer\/mitglieder\">https:\/\/www.bnotk.de\/die-bundesnotarkammer\/mitglieder<\/a>).<\/p>\n\n\n\n<h3 class=\"wp-block-heading\">Professional regulations for lawyers:<\/h3>\n\n\n\n<p>The relevant professional regulations include the Federal Lawyers&#8217; Act (Bundesrechtsanwaltsordnung), the Professional Code for Lawyers (Berufsordnung f\u00fcr Rechtsanw\u00e4lte), the Specialist Lawyers&#8217; Act (Fachanwaltsordnung), the Lawyers&#8217; Remuneration Act (Rechtsanwaltsverg\u00fctungsgesetz) and the Professional Rules for Lawyers of the European Union (Berufsregeln der Rechtsanw\u00e4lte der Europ\u00e4ischen Union). They can be found at www.brak.de under the heading &#8220;Berufsrecht&#8221;.<\/p>\n\n\n\n<h3 class=\"wp-block-heading\">Professional regulations for notaries:<\/h3>\n\n\n\n<p>The professional regulations applicable to notaries can be viewed and accessed via the homepage of the Federal Chamber of Notaries (www.bnotk.de) under the heading &#8220;Der Notar&#8221;. These include in particular the Federal Notaries\u00b4 Act (Bundesnotarordnung &#8211; BNotO), the Notarization Act (Beurkundungsgesetz &#8211; BeurkG), the guidelines of the chambers of notaries, (Dienstordnung f\u00fcr Notarinnen und Notare &#8211; DONot), the Court and Notary Costs Act (Gerichts- und Notarkostengesetz &#8211; GNotkG), and the European Code of Notarial Professional Conduct (Europ\u00e4ischer Kodex des notariellen Standesrechts).<\/p>\n\n\n\n<p>Professional title: Notary (Federal Republic of Germany)<\/p>\n\n\n\n<h3 class=\"wp-block-heading\">Notary Dr Eva Diederichsen is based in Hanover, Lower Saxony:<\/h3>\n\n\n\n<p>The professional title &#8220;Notary&#8221; was awarded in the Federal Republic of Germany.<br>Competent supervisory authority: President of the Regional Court of Hanover, Volgersweg 65, 30175 Hanover<br>Competent chamber: Chamber of Notaries Celle, Riemannstr. 15a, 29225 Celle, Telephone: +49 (0)89 532944-0, Fax: 0 51 41 &#8211; 94 94 94, <a href=\"http:\/\/www.celle-notarkammer.de\">http:\/\/www.celle-notarkammer.de<\/a>, E-Mail: <a href=\"mailto:info@celle-notarkammer.de\">info@celle-notarkammer.de<\/a><\/p>\n\n\n\n<h3 class=\"wp-block-heading\">Professional liability insurance<\/h3>\n\n\n\n<p>Professional liability insurance with worldwide validity is held with ERGO Versicherung AG, Victoriaplatz 1, 40198 D\u00fcsseldorf.<\/p>\n\n\n\n<h3 class=\"wp-block-heading\">Consumer Conciliation Procedures (\u00a7 36 Act on Alternative Dispute Resolution in Consumer Matters)<\/h3>\n\n\n\n<p>In Germany, the competent consumer conciliation board for disputes over proprietary interests resulting from a client relationship is the Lawyers&#8217; Meditation Board (Schlichtungsstelle der Rechtsanwaltschaft), Rauchstra\u00dfe 26, 10787 Berlin, <a href=\"http:\/\/www.schlichtungsstelle-der-rechtsanwaltschaft.de\" data-type=\"link\" data-id=\"www.schlichtungsstelle-der-rechtsanwaltschaft.de\">www.schlichtungsstelle-der-rechtsanwaltschaft.de<\/a>.<\/p>\n\n\n\n<p>Stock + Partner Rechtsanw\u00e4lte mbB is not obliged to participate in dispute resolution proceedings before a consumer conciliation board and does not participate in dispute resolution proceedings before a consumer conciliation board.<\/p>\n\n\n\n<h3 class=\"wp-block-heading\">Copyright<\/h3>\n\n\n\n<p>The copyright to the content of this website or parts thereof is owned by Stock + Partner Rechtsanw\u00e4lte mbB or the party to whom Stock + Partner Rechtsanw\u00e4lte mbB has granted a corresponding right of use. Individual pages of this website may be downloaded, temporarily stored and printed for exclusive use within your organisation.<\/p>\n\n\n\n<p>Any other reproduction, transmission or distribution of any content of this website, in particular by downloading, saving or printing, is prohibited without the express consent of Stock + Partner Rechtsanw\u00e4lte mbB. Please address any enquiries in this regard to Mr Alexander C. P\u00fchler, LL.M. (George Washington) (<a href=\"mailto:alexander.puehler@stock-partner.eu\">alexander.puehler@stock-partner.eu<\/a>, T +49 89 99831-0). Please address any enquiries in this regard to Mr Alexander C. P\u00fchler, LL.M. (<a href=\"mailto:alexander.puehler@stock-partner.eu\">alexander.puehler@stock-partner.eu<\/a>, T +49 89 99831-0).<\/p>\n\n\n\n<h3 class=\"wp-block-heading\">Information and liability<\/h3>\n\n\n\n<p>Every effort has been made to ensure the accuracy of the information and links contained on this website. Any liability in connection with the use of the information, links or reliance on their accuracy is excluded. The information contained on this website does not constitute legal advice.<\/p>\n\n\n\n<h3 class=\"wp-block-heading\">Applicable Law<\/h3>\n\n\n\n<p>The legal information on this site as well as all questions and disputes in connection with this website are subject to the law of the Federal Republic of Germany.<\/p>\n\n\n\n<h3 class=\"wp-block-heading\">Website Design and Implementation<\/h3>\n\n\n\n<p><a href=\"https:\/\/www.sumnergroh.com\/\">sumner groh + compagnie<\/a><\/p>\n","protected":false},"excerpt":{"rendered":"Legal Notice Partnership details pursuant to section 5 of the German Digital Services Act (Digitale-Dienste-Gesetz, DDG). Stock + Partner Rechtsanw\u00e4lte mbBRablstra\u00dfe 2681669 Munich, GermanyTelefon: +49 (0) 89 99831-0Telefax: +49 (0) 89 99831-70E-Mail: muenchen@stock-partner.eu Stock + Partner Rechtsanw\u00e4lte mbB is a partnership of lawyers based in Munich, registered in the partnership register of the Local Court [&hellip;]","protected":false},"author":4,"featured_media":0,"parent":0,"menu_order":0,"comment_status":"closed","ping_status":"closed","template":"","meta":{"_acf_changed":false,"footnotes":""},"class_list":["post-309","page","type-page","status-publish","hentry"],"acf":[],"_links":{"self":[{"href":"https:\/\/stock-partner.eu\/en\/wp-json\/wp\/v2\/pages\/309","targetHints":{"allow":["GET"]}}],"collection":[{"href":"https:\/\/stock-partner.eu\/en\/wp-json\/wp\/v2\/pages"}],"about":[{"href":"https:\/\/stock-partner.eu\/en\/wp-json\/wp\/v2\/types\/page"}],"author":[{"embeddable":true,"href":"https:\/\/stock-partner.eu\/en\/wp-json\/wp\/v2\/users\/4"}],"replies":[{"embeddable":true,"href":"https:\/\/stock-partner.eu\/en\/wp-json\/wp\/v2\/comments?post=309"}],"version-history":[{"count":17,"href":"https:\/\/stock-partner.eu\/en\/wp-json\/wp\/v2\/pages\/309\/revisions"}],"predecessor-version":[{"id":2073,"href":"https:\/\/stock-partner.eu\/en\/wp-json\/wp\/v2\/pages\/309\/revisions\/2073"}],"wp:attachment":[{"href":"https:\/\/stock-partner.eu\/en\/wp-json\/wp\/v2\/media?parent=309"}],"curies":[{"name":"wp","href":"https:\/\/api.w.org\/{rel}","templated":true}]}}